{"id":543,"date":"2016-05-04T14:16:44","date_gmt":"2016-05-04T14:16:44","guid":{"rendered":"http:\/\/www.edulopezrivera.com\/edu-lopez\/?page_id=543"},"modified":"2019-05-27T12:44:34","modified_gmt":"2019-05-27T12:44:34","slug":"testimonios","status":"publish","type":"page","link":"https:\/\/www.edulopezrivera.com\/edu-lopez\/testimonios\/","title":{"rendered":"TESTIMONIOS"},"content":{"rendered":"<p style=\"text-align: center;font-size:30px;\"><strong>Clientes Satisfechos con los Resultados.<\/strong><\/p>\n<p style=\"text-align: center;\">Aqui tienes entrevistas con clientes en las que te muestro los resultados que han obtenido trabajando conmigo.<\/p>\n<p>&nbsp;<\/p>\n<p style=\"text-align: center;font-size:20px;\"><strong>Yess Carbajal &#8211; Psic\u00f3loga Relaciones de Pareja y Autoestima Mujeres<\/strong><\/p>\n<p><center><iframe src=\"https:\/\/player.vimeo.com\/video\/331272978\" width=\"100%\" height=\"300\" frameborder=\"0\" allowfullscreen=\"allowfullscreen\"><\/iframe><\/center><\/p>\n<p>&nbsp;<\/p>\n<p style=\"text-align: center;font-size:20px;\"><strong>Alex Margalli &#8211; Psic\u00f3logo Relaciones de Pareja y Depresi\u00f3n Mujeres<\/strong><\/p>\n<p><center><iframe src=\"https:\/\/player.vimeo.com\/video\/331272846\" width=\"100%\" height=\"300\" frameborder=\"0\" allowfullscreen=\"allowfullscreen\"><\/iframe><\/center><\/p>\n<p>&nbsp;<\/p>\n","protected":false},"excerpt":{"rendered":"<p>Clientes Satisfechos con los Resultados. Aqui tienes entrevistas con clientes en las que te muestro los resultados que han obtenido trabajando conmigo. &nbsp; Yess Carbajal &#8211; Psic\u00f3loga Relaciones de Pareja y Autoestima Mujeres &nbsp; Alex Margalli &#8211; Psic\u00f3logo Relaciones de Pareja y Depresi\u00f3n Mujeres &nbsp;<\/p>\n","protected":false},"author":1,"featured_media":0,"parent":0,"menu_order":4,"comment_status":"closed","ping_status":"closed","template":"","meta":[],"_links":{"self":[{"href":"https:\/\/www.edulopezrivera.com\/edu-lopez\/wp-json\/wp\/v2\/pages\/543"}],"collection":[{"href":"https:\/\/www.edulopezrivera.com\/edu-lopez\/wp-json\/wp\/v2\/pages"}],"about":[{"href":"https:\/\/www.edulopezrivera.com\/edu-lopez\/wp-json\/wp\/v2\/types\/page"}],"author":[{"embeddable":true,"href":"https:\/\/www.edulopezrivera.com\/edu-lopez\/wp-json\/wp\/v2\/users\/1"}],"replies":[{"embeddable":true,"href":"https:\/\/www.edulopezrivera.com\/edu-lopez\/wp-json\/wp\/v2\/comments?post=543"}],"version-history":[{"count":10,"href":"https:\/\/www.edulopezrivera.com\/edu-lopez\/wp-json\/wp\/v2\/pages\/543\/revisions"}],"predecessor-version":[{"id":1527,"href":"https:\/\/www.edulopezrivera.com\/edu-lopez\/wp-json\/wp\/v2\/pages\/543\/revisions\/1527"}],"wp:attachment":[{"href":"https:\/\/www.edulopezrivera.com\/edu-lopez\/wp-json\/wp\/v2\/media?parent=543"}],"curies":[{"name":"wp","href":"https:\/\/api.w.org\/{rel}","templated":true}]}}